{"id":1648,"date":"2018-02-06T22:47:57","date_gmt":"2018-02-06T21:47:57","guid":{"rendered":"https:\/\/www.clissa-bus.hr\/?page_id=1648"},"modified":"2018-02-06T22:47:57","modified_gmt":"2018-02-06T21:47:57","slug":"chi-siamo","status":"publish","type":"page","link":"https:\/\/www.clissa-bus.hr\/?page_id=1648&lang=it","title":{"rendered":"Chi siamo"},"content":{"rendered":"<div class='content-column three_fourth'><div style=\"padding-right:40px;\"><h1>Chi siamo<\/h1>\n<p>La nostra ditta \u00e8 stata istituita nel 1990 , ed il nome <strong><em>CLISSA <\/em><\/strong>\u00e8 l\u2019antico nome latino di KLIS, che significa la <em>CHIAVE<\/em>.<\/p>\n<p>Gi\u00e0 dai tempi pi\u00f9 antichi Klis era la chiave della Dalmazia; quindi, possedere Klis significava controllare la Dalmazia (centrale). Essendo la sede della Croata famiglia regnante, i &nbsp;Trpimirovi\u0107, Klis divent\u00f2 la culla &nbsp;dello Stato Croato. Non solo che il principe Trpimir risiedeva a Klis ma anche il re Zvonimir ci \u00e8 stato incoronato, &nbsp;quindi con molto orgoglio mettiamo in rilievo che Klis \u00e8 una citt\u00e0 Croata ducale e reale!<\/p>\n<p>Pi\u00f9 di Klis su: &nbsp;<a href=\"http:\/\/www.klis.com.hr\" target=\"_blank\" rel=\"noopener\">www.klis.com.hr<\/a> e <a href=\"http:\/\/www.kliskiuskoci.hr\" target=\"_blank\" rel=\"noopener\">www.kliskiuskoci.hr<\/a><\/p>\n<p>Nel gennaio 1990 abbiamo comprato il nostro primo autobus (Zastava Neretva 25) e quattro mesi dopo le riparazioni degli stagnini e della verniciatura l\u2019autobus \u00e8 stato pronto per il controllo tecnico.<\/p>\n<p>Quest\u2019autobus, ci\u00f2 \u00e8&nbsp; <em>la&nbsp; prima<\/em> <em>pietra della ditta, <\/em>\u00e8 ancor\u2019oggi in nostro possesso e funziona perfettamente.<\/p>\n<div id=\"attachment_161\" style=\"width: 310px\" class=\"wp-caption aligncenter\"><a href=\"https:\/\/www.clissa-bus.hr\/wp-content\/uploads\/2017\/08\/zastava.jpg\" rel=\"lightbox[1648]\"><img loading=\"lazy\" decoding=\"async\" aria-describedby=\"caption-attachment-161\" class=\"wp-image-161 size-medium\" src=\"https:\/\/www.clissa-bus.hr\/wp-content\/uploads\/2017\/08\/zastava-300x205.jpg\" alt=\"\" width=\"300\" height=\"205\" srcset=\"https:\/\/www.clissa-bus.hr\/wp-content\/uploads\/2017\/08\/zastava-300x205.jpg 300w, https:\/\/www.clissa-bus.hr\/wp-content\/uploads\/2017\/08\/zastava.jpg 362w\" sizes=\"auto, (max-width: 300px) 100vw, 300px\" \/><\/a><p id=\"caption-attachment-161\" class=\"wp-caption-text\">Zastava Neretva 25<\/p><\/div>\n<p>Dal 1993 al 1995 possedevamo anche i furgoni (Peugeot J 5, Mercedes 310 D) per trasporto nazionale ed internazionale di passeggeri e di merci.<\/p>\n<div id=\"attachment_162\" style=\"width: 372px\" class=\"wp-caption alignleft\"><a href=\"https:\/\/www.clissa-bus.hr\/wp-content\/uploads\/2017\/08\/peugeot_kombi.jpg\" rel=\"lightbox[1648]\"><img loading=\"lazy\" decoding=\"async\" aria-describedby=\"caption-attachment-162\" class=\"wp-image-162 size-full\" src=\"https:\/\/www.clissa-bus.hr\/wp-content\/uploads\/2017\/08\/peugeot_kombi.jpg\" alt=\"\" width=\"362\" height=\"247\" srcset=\"https:\/\/www.clissa-bus.hr\/wp-content\/uploads\/2017\/08\/peugeot_kombi.jpg 362w, https:\/\/www.clissa-bus.hr\/wp-content\/uploads\/2017\/08\/peugeot_kombi-300x205.jpg 300w\" sizes=\"auto, (max-width: 362px) 100vw, 362px\" \/><\/a><p id=\"caption-attachment-162\" class=\"wp-caption-text\">Peugeot J 5<\/p><\/div>\n<div id=\"attachment_163\" style=\"width: 372px\" class=\"wp-caption alignleft\"><a href=\"https:\/\/www.clissa-bus.hr\/wp-content\/uploads\/2017\/08\/mercedes_kombi.jpg\" rel=\"lightbox[1648]\"><img loading=\"lazy\" decoding=\"async\" aria-describedby=\"caption-attachment-163\" class=\"wp-image-163 size-full\" src=\"https:\/\/www.clissa-bus.hr\/wp-content\/uploads\/2017\/08\/mercedes_kombi.jpg\" alt=\"\" width=\"362\" height=\"267\" srcset=\"https:\/\/www.clissa-bus.hr\/wp-content\/uploads\/2017\/08\/mercedes_kombi.jpg 362w, https:\/\/www.clissa-bus.hr\/wp-content\/uploads\/2017\/08\/mercedes_kombi-300x221.jpg 300w\" sizes=\"auto, (max-width: 362px) 100vw, 362px\" \/><\/a><p id=\"caption-attachment-163\" class=\"wp-caption-text\">Mercedes 310 D<\/p><\/div>\n<div style=\"clear: both;\">&nbsp;<\/div>\n<p>Gi\u00e0 dal primo anno organizziamo il trasporto degli scolari, e fino al 2018 pi\u00f9 di <strong>2.3 milioni di bambini<\/strong> sono stati trasportati con grande successo!<\/p>\n<p>I pi\u00f9 importanti committenti di questo tipo dei nostri servizi sono <em>Ministero di<\/em> <em>scienza, educazione e sport<\/em> e la <em>Contea di Spalato-Dalmazia<\/em> per le scuole a Klis, Ka\u0161tel Su\u0107urac\u2026<\/p>\n<p>Attualmente possediamo 30 veicoli utilitari (5 \u2013 85 posti seduti) per effettuare i seguenti tipi di trasporto:<\/p>\n<ul>\n<li>Trasporto passeggeri sulla linea speciale (scolari ed operai)<\/li>\n<li>Trasporto libero di passeggeri (occasionale ed alterno)<\/li>\n<li>Trasporto pubblico passeggeri (la linea SPALATO-ZAGABRIA-SPALATO)<\/li>\n<\/ul>\n<p>Tutti i nostri veicoli hanno <strong>le polizze d&#8217;assicurazione supplementari per i passeggeri<\/strong>, come l&#8217;Autorizzazione per il trasporto internazionale ed anche la stessa identit\u00e0 visiva.<\/p>\n<p>Siccome la nostra azienda \u00e8 registrata come il contribuente tedesco; siamo auttorizzati per effettuare trasporto libero di passeggeri per la Repubblica Federale di Germania e Slovenia, e anche fuori Germania e Slovenia oppure attraverso il loro territorio.<\/p>\n<p>Tutti i nostri veicoli sono guidati dai nostri guidatori impiegati permanente. La loro esperienza di lavoro, aspetto fisico, comportamento e conoscenza di lingue, sono assolutamente in armonia con il lavoro che effettuano.<\/p><\/div><\/div>\n<div class='content-column one_fourth last_column'><h3>Clissa a Klis<\/h3>\n<p>Il concerto di Orchestra Marina Croata e Klapa \u201cSv.Juraj\u201d HRM a Klis, 29. Luglio 2012.<\/p>\n<p><a href=\"http:\/\/www.youtube.com\/watch?v=21CaNlGlKYM\">Youtube spot <em>&#8220;U boj, u boj!&#8221;<\/em><\/a><\/p>\n<p><a href=\"https:\/\/www.clissa-bus.hr\/wp-content\/uploads\/2017\/08\/cd03.jpg\" rel=\"lightbox[1648]\"><img loading=\"lazy\" decoding=\"async\" class=\"alignnone wp-image-118 size-medium\" src=\"https:\/\/www.clissa-bus.hr\/wp-content\/uploads\/2017\/08\/cd03-300x154.jpg\" alt=\"\" width=\"300\" height=\"154\" srcset=\"https:\/\/www.clissa-bus.hr\/wp-content\/uploads\/2017\/08\/cd03-300x154.jpg 300w, https:\/\/www.clissa-bus.hr\/wp-content\/uploads\/2017\/08\/cd03-768x395.jpg 768w, https:\/\/www.clissa-bus.hr\/wp-content\/uploads\/2017\/08\/cd03.jpg 1024w\" sizes=\"auto, (max-width: 300px) 100vw, 300px\" \/><\/a> <a href=\"https:\/\/www.clissa-bus.hr\/wp-content\/uploads\/2017\/08\/cd01.jpg\" rel=\"lightbox[1648]\"><img loading=\"lazy\" decoding=\"async\" class=\"alignnone wp-image-119 size-medium\" src=\"https:\/\/www.clissa-bus.hr\/wp-content\/uploads\/2017\/08\/cd01-300x236.jpg\" alt=\"\" width=\"300\" height=\"236\" srcset=\"https:\/\/www.clissa-bus.hr\/wp-content\/uploads\/2017\/08\/cd01-300x236.jpg 300w, https:\/\/www.clissa-bus.hr\/wp-content\/uploads\/2017\/08\/cd01-768x603.jpg 768w, https:\/\/www.clissa-bus.hr\/wp-content\/uploads\/2017\/08\/cd01.jpg 957w\" sizes=\"auto, (max-width: 300px) 100vw, 300px\" \/><\/a> <a href=\"https:\/\/www.clissa-bus.hr\/wp-content\/uploads\/2017\/08\/cd02.jpg\" rel=\"lightbox[1648]\"><img loading=\"lazy\" decoding=\"async\" class=\"alignnone wp-image-120 size-medium\" src=\"https:\/\/www.clissa-bus.hr\/wp-content\/uploads\/2017\/08\/cd02-300x237.jpg\" alt=\"\" width=\"300\" height=\"237\" srcset=\"https:\/\/www.clissa-bus.hr\/wp-content\/uploads\/2017\/08\/cd02-300x237.jpg 300w, https:\/\/www.clissa-bus.hr\/wp-content\/uploads\/2017\/08\/cd02-768x608.jpg 768w, https:\/\/www.clissa-bus.hr\/wp-content\/uploads\/2017\/08\/cd02.jpg 1024w\" sizes=\"auto, (max-width: 300px) 100vw, 300px\" \/><\/a><\/p><\/div><div class='clear_column'><\/div>\n","protected":false},"excerpt":{"rendered":"","protected":false},"author":1,"featured_media":0,"parent":0,"menu_order":0,"comment_status":"closed","ping_status":"closed","template":"","meta":{"ngg_post_thumbnail":0,"footnotes":""},"class_list":["post-1648","page","type-page","status-publish","hentry"],"_links":{"self":[{"href":"https:\/\/www.clissa-bus.hr\/index.php?rest_route=\/wp\/v2\/pages\/1648","targetHints":{"allow":["GET"]}}],"collection":[{"href":"https:\/\/www.clissa-bus.hr\/index.php?rest_route=\/wp\/v2\/pages"}],"about":[{"href":"https:\/\/www.clissa-bus.hr\/index.php?rest_route=\/wp\/v2\/types\/page"}],"author":[{"embeddable":true,"href":"https:\/\/www.clissa-bus.hr\/index.php?rest_route=\/wp\/v2\/users\/1"}],"replies":[{"embeddable":true,"href":"https:\/\/www.clissa-bus.hr\/index.php?rest_route=%2Fwp%2Fv2%2Fcomments&post=1648"}],"version-history":[{"count":1,"href":"https:\/\/www.clissa-bus.hr\/index.php?rest_route=\/wp\/v2\/pages\/1648\/revisions"}],"predecessor-version":[{"id":1649,"href":"https:\/\/www.clissa-bus.hr\/index.php?rest_route=\/wp\/v2\/pages\/1648\/revisions\/1649"}],"wp:attachment":[{"href":"https:\/\/www.clissa-bus.hr\/index.php?rest_route=%2Fwp%2Fv2%2Fmedia&parent=1648"}],"curies":[{"name":"wp","href":"https:\/\/api.w.org\/{rel}","templated":true}]}}