{"id":173,"date":"2017-08-30T16:46:19","date_gmt":"2017-08-30T14:46:19","guid":{"rendered":"https:\/\/www.clissa-bus.hr\/?page_id=173"},"modified":"2024-01-20T18:42:42","modified_gmt":"2024-01-20T16:42:42","slug":"kalendari-s-porukom","status":"publish","type":"page","link":"https:\/\/www.clissa-bus.hr\/?page_id=173","title":{"rendered":"Kalendari s porukom"},"content":{"rendered":"<p>ngg_shortcode_0_placeholder<script>jQuery( document ).ready(function() {if(jQuery(\".ngg-galleryoverview\").length > 0){        jQuery(\".vizitke\").hide();}});<\/script><\/p>\n<div class=\"vizitke\">\n<h3>Vizit karte &#8211; stvarni podsjetnici na vrijeme i doga\u0111aje<\/h3>\n<p><a href=\"https:\/\/www.clissa-bus.hr\/wp-content\/uploads\/2017\/12\/IMG_7276.jpg\" rel=\"lightbox[173]\"><img loading=\"lazy\" decoding=\"async\" class=\"alignleft size-thumbnail wp-image-1515\" src=\"https:\/\/www.clissa-bus.hr\/wp-content\/uploads\/2017\/12\/IMG_7276-150x150.jpg\" alt=\"\" width=\"150\" height=\"150\"><\/a> <a href=\"https:\/\/www.clissa-bus.hr\/wp-content\/uploads\/2017\/12\/IMG_7277.jpg\" rel=\"lightbox[173]\"><img loading=\"lazy\" decoding=\"async\" class=\"alignleft wp-image-1516 size-thumbnail\" src=\"https:\/\/www.clissa-bus.hr\/wp-content\/uploads\/2017\/12\/IMG_7277-150x150.jpg\" alt=\"\" width=\"150\" height=\"150\"><\/a><\/p>\n<div style=\"clear: both;\">&nbsp;<\/div>\n<p><b>KLIS TIJEKOM SOCIJALIZMA NIJE DOBIO NITI TELEFON (vizitka s kraja 1992.).<\/b><br \/>\nMo\u017ee li se danas zamisliti poslovanje bez telefona, fax-a, interneta, mail-a\u2026?<\/p>\n<p><a href=\"https:\/\/www.clissa-bus.hr\/wp-content\/uploads\/2017\/12\/IMG_7278.jpg\" rel=\"lightbox[173]\"><img loading=\"lazy\" decoding=\"async\" class=\"alignleft wp-image-1517 size-thumbnail\" src=\"https:\/\/www.clissa-bus.hr\/wp-content\/uploads\/2017\/12\/IMG_7278-150x150.jpg\" alt=\"\" width=\"150\" height=\"150\"><\/a><\/p>\n<div style=\"clear: both;\">&nbsp;<\/div>\n<p>U jesen 1993. nakon davno upla\u0107enih 1700 DEM kona\u010dno dobivamo ku\u0107ni telefon, a pozivni je jo\u0161 uvijek 058. Prolje\u0107e 1994: uslijed velikog pojeftinjenja (na 2500 DEM!!!) kupujemo prvi pokretni auto-telefon (NMT mre\u017ea, 099, Dancall Logic) koji je bio ugra\u0111en u kombi Mercedes 310 D (ST 540-DG).<\/p>\n<div style=\"clear: both;\">&nbsp;<\/div>\n<p><a href=\"https:\/\/www.clissa-bus.hr\/wp-content\/uploads\/2017\/12\/IMG_7279.jpg\" rel=\"lightbox[173]\"><img loading=\"lazy\" decoding=\"async\" class=\"alignleft wp-image-1518 size-thumbnail\" src=\"https:\/\/www.clissa-bus.hr\/wp-content\/uploads\/2017\/12\/IMG_7279-150x150.jpg\" alt=\"\" width=\"150\" height=\"150\"><\/a><\/p>\n<div style=\"clear: both;\">&nbsp;<\/div>\n<p>Split (Klis) dobiva pozivni 021, Zagreb 01, a 1996. kupujemo prvi pravi GSM mobitel (naravno Nokia) i taj broj ne mijenjamo slijede\u0107ih 22 godine!!!<\/p>\n<div style=\"clear: both;\">&nbsp;<\/div>\n<p><a href=\"https:\/\/www.clissa-bus.hr\/wp-content\/uploads\/2017\/12\/IMG_7280.jpg\" rel=\"lightbox[173]\"><img loading=\"lazy\" decoding=\"async\" class=\"alignleft wp-image-1519 size-thumbnail\" src=\"https:\/\/www.clissa-bus.hr\/wp-content\/uploads\/2017\/12\/IMG_7280-150x150.jpg\" alt=\"\" width=\"150\" height=\"150\"><\/a><\/p>\n<div style=\"clear: both;\">&nbsp;<\/div>\n<p>Krajem devedesetih se gasi analogna mobilna mre\u017ea (099), ali se pojavljuje prva mail adresa.<\/p>\n<div style=\"clear: both;\">&nbsp;<\/div>\n<p><a href=\"https:\/\/www.clissa-bus.hr\/wp-content\/uploads\/2017\/12\/IMG_7281.jpg\" rel=\"lightbox[173]\"><img loading=\"lazy\" decoding=\"async\" class=\"alignleft wp-image-1520 size-thumbnail\" src=\"https:\/\/www.clissa-bus.hr\/wp-content\/uploads\/2017\/12\/IMG_7281-150x150.jpg\" alt=\"\" width=\"150\" height=\"150\"><\/a><\/p>\n<div style=\"clear: both;\">&nbsp;<\/div>\n<p>Od 2004. imamo nove kli\u0161ke telefonske brojeve (\u010dak i odvojeni za fax!), a gasimo zagreba\u010dki fiksni broj. Godine 2007. radimo prvu internet stranicu, a od 2011. Klis prvi put dobiva ulice, tako da se pojavljuje i nova adresa&#8230;<\/p>\n<\/div>\n","protected":false},"excerpt":{"rendered":"<p>Vizit karte &#8211; stvarni podsjetnici na vrijeme i doga\u0111aje &nbsp; KLIS TIJEKOM SOCIJALIZMA NIJE DOBIO NITI TELEFON (vizitka s kraja 1992.). Mo\u017ee li se danas zamisliti poslovanje bez telefona, fax-a, interneta, mail-a\u2026? &nbsp; U jesen<a class=\"moretag\" href=\"https:\/\/www.clissa-bus.hr\/?page_id=173\"> Read more&hellip;<\/a><\/p>\n","protected":false},"author":1,"featured_media":0,"parent":0,"menu_order":0,"comment_status":"closed","ping_status":"closed","template":"","meta":{"ngg_post_thumbnail":0,"footnotes":""},"class_list":["post-173","page","type-page","status-publish","hentry"],"_links":{"self":[{"href":"https:\/\/www.clissa-bus.hr\/index.php?rest_route=\/wp\/v2\/pages\/173","targetHints":{"allow":["GET"]}}],"collection":[{"href":"https:\/\/www.clissa-bus.hr\/index.php?rest_route=\/wp\/v2\/pages"}],"about":[{"href":"https:\/\/www.clissa-bus.hr\/index.php?rest_route=\/wp\/v2\/types\/page"}],"author":[{"embeddable":true,"href":"https:\/\/www.clissa-bus.hr\/index.php?rest_route=\/wp\/v2\/users\/1"}],"replies":[{"embeddable":true,"href":"https:\/\/www.clissa-bus.hr\/index.php?rest_route=%2Fwp%2Fv2%2Fcomments&post=173"}],"version-history":[{"count":21,"href":"https:\/\/www.clissa-bus.hr\/index.php?rest_route=\/wp\/v2\/pages\/173\/revisions"}],"predecessor-version":[{"id":2769,"href":"https:\/\/www.clissa-bus.hr\/index.php?rest_route=\/wp\/v2\/pages\/173\/revisions\/2769"}],"wp:attachment":[{"href":"https:\/\/www.clissa-bus.hr\/index.php?rest_route=%2Fwp%2Fv2%2Fmedia&parent=173"}],"curies":[{"name":"wp","href":"https:\/\/api.w.org\/{rel}","templated":true}]}}