{"id":176,"date":"2017-08-30T16:47:03","date_gmt":"2017-08-30T14:47:03","guid":{"rendered":"https:\/\/www.clissa-bus.hr\/?page_id=176"},"modified":"2024-01-20T19:08:01","modified_gmt":"2024-01-20T17:08:01","slug":"zanimljivosti","status":"publish","type":"page","link":"https:\/\/www.clissa-bus.hr\/?page_id=176","title":{"rendered":"Zanimljivosti"},"content":{"rendered":"<div class=\"wp-block-image\">\n<figure class=\"aligncenter size-full\"><a href=\"https:\/\/www.clissa-bus.hr\/wp-content\/uploads\/2024\/01\/ApplicationFrameHost_1oU03DPv1Z.jpg\" rel=\"lightbox[176]\"><img loading=\"lazy\" decoding=\"async\" width=\"596\" height=\"792\" src=\"https:\/\/www.clissa-bus.hr\/wp-content\/uploads\/2024\/01\/ApplicationFrameHost_1oU03DPv1Z.jpg\" alt=\"\" class=\"wp-image-2774\" srcset=\"https:\/\/www.clissa-bus.hr\/wp-content\/uploads\/2024\/01\/ApplicationFrameHost_1oU03DPv1Z.jpg 596w, https:\/\/www.clissa-bus.hr\/wp-content\/uploads\/2024\/01\/ApplicationFrameHost_1oU03DPv1Z-226x300.jpg 226w\" sizes=\"auto, (max-width: 596px) 100vw, 596px\" \/><\/a><figcaption class=\"wp-element-caption\">Vlasnik slavi 50. ro\u0111endan, \u010deka Clissa bus da ga odvede u stara\u010dki dom&#8230; \ud83d\ude02 <\/figcaption><\/figure>\n<\/div>\n\n\n<hr class=\"wp-block-separator has-alpha-channel-opacity\"\/>\n\n\n<h3>ST 1991-KL<\/h3>\n<p><iframe loading=\"lazy\" src=\"https:\/\/player.vimeo.com\/video\/254468123?title=0&amp;byline=0&amp;portrait=0\" width=\"640\" height=\"352\" frameborder=\"0\" allowfullscreen=\"allowfullscreen\" data-mce-fragment=\"1\"><\/iframe><\/p>\n<div style=\"clear: both;\">&nbsp;<\/div>\n<div class=\"\">\n<div class=\"wp-block-column is-layout-flow wp-block-column-is-layout-flow\">&nbsp;<\/div>\n<div class=\"wp-block-column is-layout-flow wp-block-column-is-layout-flow\">\n<figure class=\"wp-block-embed is-type-video is-provider-vimeo wp-block-embed-vimeo wp-embed-aspect-9-16 wp-has-aspect-ratio\">\n<div class=\"wp-block-embed__wrapper\"><iframe loading=\"lazy\" title=\"Clissa video\" src=\"https:\/\/player.vimeo.com\/video\/837381407?dnt=1&amp;app_id=122963\" width=\"480\" height=\"848\" frameborder=\"0\" allowfullscreen=\"allowfullscreen\"><\/iframe><\/div>\n<figcaption class=\"wp-element-caption\">Mjesto Kosa u Dolini Neretve, vozi Lucija \u0160ipi\u0107, snima Ana Kuzmani\u0107.<\/figcaption>\n<\/figure>\n<\/div>\n<div class=\"wp-block-column is-layout-flow wp-block-column-is-layout-flow\">&nbsp;<\/div>\n<\/div>\n<h3>SUBOTA, 27.10.2018.:<\/h3>\n<p>HITAMO S 11 AUTOBUSA NA CRUISER&#8230;<\/p>\n<p><iframe loading=\"lazy\" src=\"https:\/\/player.vimeo.com\/video\/298760255?byline=0&amp;portrait=0\" width=\"640\" height=\"352\" frameborder=\"0\" allowfullscreen=\"allowfullscreen\"><\/iframe><\/p>\n<p><a href=\"https:\/\/www.clissa-bus.hr\/wp-content\/uploads\/2018\/11\/IMG_2705.jpg\" rel=\"lightbox[176]\"><img loading=\"lazy\" decoding=\"async\" class=\"alignleft size-thumbnail wp-image-2079\" src=\"https:\/\/www.clissa-bus.hr\/wp-content\/uploads\/2018\/11\/IMG_2705-150x150.jpg\" alt=\"\" width=\"150\" height=\"150\"><\/a><a href=\"https:\/\/www.clissa-bus.hr\/wp-content\/uploads\/2018\/11\/IMG_2706.jpg\" rel=\"lightbox[176]\"><img loading=\"lazy\" decoding=\"async\" class=\"alignleft size-thumbnail wp-image-2080\" src=\"https:\/\/www.clissa-bus.hr\/wp-content\/uploads\/2018\/11\/IMG_2706-150x150.jpg\" alt=\"\" width=\"150\" height=\"150\"><\/a><a href=\"https:\/\/www.clissa-bus.hr\/wp-content\/uploads\/2018\/11\/IMG_2707.jpg\" rel=\"lightbox[176]\"><img loading=\"lazy\" decoding=\"async\" class=\"alignleft size-thumbnail wp-image-2081\" src=\"https:\/\/www.clissa-bus.hr\/wp-content\/uploads\/2018\/11\/IMG_2707-150x150.jpg\" alt=\"\" width=\"150\" height=\"150\"><\/a><a href=\"https:\/\/www.clissa-bus.hr\/wp-content\/uploads\/2018\/11\/IMG_2709.jpg\" rel=\"lightbox[176]\"><img loading=\"lazy\" decoding=\"async\" class=\"alignleft size-thumbnail wp-image-2082\" src=\"https:\/\/www.clissa-bus.hr\/wp-content\/uploads\/2018\/11\/IMG_2709-150x150.jpg\" alt=\"\" width=\"150\" height=\"150\"><\/a><a href=\"https:\/\/www.clissa-bus.hr\/wp-content\/uploads\/2018\/11\/IMG_2713.jpg\" rel=\"lightbox[176]\"><img loading=\"lazy\" decoding=\"async\" class=\"alignleft size-thumbnail wp-image-2083\" src=\"https:\/\/www.clissa-bus.hr\/wp-content\/uploads\/2018\/11\/IMG_2713-150x150.jpg\" alt=\"\" width=\"150\" height=\"150\"><\/a><a href=\"https:\/\/www.clissa-bus.hr\/wp-content\/uploads\/2018\/11\/IMG_2714.jpg\" rel=\"lightbox[176]\"><img loading=\"lazy\" decoding=\"async\" class=\"alignleft size-thumbnail wp-image-2084\" src=\"https:\/\/www.clissa-bus.hr\/wp-content\/uploads\/2018\/11\/IMG_2714-150x150.jpg\" alt=\"\" width=\"150\" height=\"150\"><\/a><a href=\"https:\/\/www.clissa-bus.hr\/wp-content\/uploads\/2018\/11\/IMG_2717.jpg\" rel=\"lightbox[176]\"><img loading=\"lazy\" decoding=\"async\" class=\"alignleft size-thumbnail wp-image-2085\" src=\"https:\/\/www.clissa-bus.hr\/wp-content\/uploads\/2018\/11\/IMG_2717-150x150.jpg\" alt=\"\" width=\"150\" height=\"150\"><\/a><a href=\"https:\/\/www.clissa-bus.hr\/wp-content\/uploads\/2018\/11\/IMG_2702.jpg\" rel=\"lightbox[176]\"><img loading=\"lazy\" decoding=\"async\" class=\"alignleft size-thumbnail wp-image-2086\" src=\"https:\/\/www.clissa-bus.hr\/wp-content\/uploads\/2018\/11\/IMG_2702-150x150.jpg\" alt=\"\" width=\"150\" height=\"150\"><\/a><\/p>\n<div style=\"clear: both;\">&nbsp;<\/div>\n<hr>\n<p><div class='content-column one_half'><div style=\"padding-right:20px;padding-left:20px;\"><iframe loading=\"lazy\" src=\"https:\/\/player.vimeo.com\/video\/259292817?title=0&amp;byline=0&amp;portrait=0\" width=\"640\" height=\"352\" frameborder=\"0\" allowfullscreen=\"allowfullscreen\"><\/iframe><\/div><\/div><div class='content-column one_half last_column'><div style=\"padding-right:20px;padding-left:20px;\"><iframe loading=\"lazy\" src=\"https:\/\/player.vimeo.com\/video\/259292729?title=0&amp;byline=0&amp;portrait=0\" width=\"640\" height=\"352\" frameborder=\"0\" allowfullscreen=\"allowfullscreen\"><\/iframe><\/div><\/div><div class='clear_column'><\/div><\/p>\n<p>(kliknite na sliku za pregled u punoj veli\u010dini)<\/p>\n<div id=\"attachment_1418\" style=\"width: 160px\" class=\"wp-caption alignleft\"><a href=\"https:\/\/www.clissa-bus.hr\/wp-content\/uploads\/2017\/12\/IMG_6518.jpg\" rel=\"lightbox[176]\"><img loading=\"lazy\" decoding=\"async\" aria-describedby=\"caption-attachment-1418\" class=\"wp-image-1418 size-thumbnail\" src=\"https:\/\/www.clissa-bus.hr\/wp-content\/uploads\/2017\/12\/IMG_6518-150x150.jpg\" alt=\"\" width=\"150\" height=\"150\"><\/a><p id=\"caption-attachment-1418\" class=\"wp-caption-text\">Panoramski krov<\/p><\/div>\n<div id=\"attachment_1419\" style=\"width: 160px\" class=\"wp-caption alignleft\"><a href=\"https:\/\/www.clissa-bus.hr\/wp-content\/uploads\/2017\/12\/IMG_6520.jpg\" rel=\"lightbox[176]\"><img loading=\"lazy\" decoding=\"async\" aria-describedby=\"caption-attachment-1419\" class=\"wp-image-1419 size-thumbnail\" src=\"https:\/\/www.clissa-bus.hr\/wp-content\/uploads\/2017\/12\/IMG_6520-150x150.jpg\" alt=\"\" width=\"150\" height=\"150\"><\/a><p id=\"caption-attachment-1419\" class=\"wp-caption-text\">Panoramski krov<\/p><\/div>\n<div id=\"attachment_1417\" style=\"width: 160px\" class=\"wp-caption alignleft\"><a href=\"https:\/\/www.clissa-bus.hr\/wp-content\/uploads\/2017\/12\/IMG_2284.jpg\" rel=\"lightbox[176]\"><img loading=\"lazy\" decoding=\"async\" aria-describedby=\"caption-attachment-1417\" class=\"wp-image-1417 size-thumbnail\" src=\"https:\/\/www.clissa-bus.hr\/wp-content\/uploads\/2017\/12\/IMG_2284-150x150.jpg\" alt=\"\" width=\"150\" height=\"150\"><\/a><p id=\"caption-attachment-1417\" class=\"wp-caption-text\">&#8220;Zrinski&#8221; u Trebinju!<\/p><\/div>\n<div id=\"attachment_1416\" style=\"width: 160px\" class=\"wp-caption alignleft\"><a href=\"https:\/\/www.clissa-bus.hr\/wp-content\/uploads\/2017\/12\/IMG_2288.jpg\" rel=\"lightbox[176]\"><img loading=\"lazy\" decoding=\"async\" aria-describedby=\"caption-attachment-1416\" class=\"wp-image-1416 size-thumbnail\" src=\"https:\/\/www.clissa-bus.hr\/wp-content\/uploads\/2017\/12\/IMG_2288-150x150.jpg\" alt=\"\" width=\"150\" height=\"150\"><\/a><p id=\"caption-attachment-1416\" class=\"wp-caption-text\">&#8220;Zrinski&#8221; u Trebinju!<\/p><\/div>\n<div id=\"attachment_1438\" style=\"width: 160px\" class=\"wp-caption alignleft\"><a href=\"https:\/\/www.clissa-bus.hr\/wp-content\/uploads\/2017\/12\/IMG_3206.png\" rel=\"lightbox[176]\"><img loading=\"lazy\" decoding=\"async\" aria-describedby=\"caption-attachment-1438\" class=\"size-thumbnail wp-image-1438\" src=\"https:\/\/www.clissa-bus.hr\/wp-content\/uploads\/2017\/12\/IMG_3206-150x150.png\" alt=\"\" width=\"150\" height=\"150\"><\/a><p id=\"caption-attachment-1438\" class=\"wp-caption-text\">Na\u0161a voza\u010dica<\/p><\/div>\n<div id=\"attachment_1441\" style=\"width: 160px\" class=\"wp-caption alignleft\"><a href=\"https:\/\/www.clissa-bus.hr\/wp-content\/uploads\/2017\/12\/IMG_0930.jpg\" rel=\"lightbox[176]\"><img loading=\"lazy\" decoding=\"async\" aria-describedby=\"caption-attachment-1441\" class=\"wp-image-1441 size-thumbnail\" src=\"https:\/\/www.clissa-bus.hr\/wp-content\/uploads\/2017\/12\/IMG_0930-150x150.jpg\" alt=\"\" width=\"150\" height=\"150\"><\/a><p id=\"caption-attachment-1441\" class=\"wp-caption-text\">Zrinski<\/p><\/div>\n<div style=\"clear: both;\">&nbsp;<\/div>\n<h3>Zanimljivo s dru\u0161tvenih mre\u017ea<\/h3>\n<p><a href=\"https:\/\/www.clissa-bus.hr\/wp-content\/uploads\/2017\/12\/IMG_4656.jpg\" rel=\"lightbox[176]\"><img loading=\"lazy\" decoding=\"async\" class=\"size-thumbnail wp-image-1423 alignleft\" src=\"https:\/\/www.clissa-bus.hr\/wp-content\/uploads\/2017\/12\/IMG_4656-150x150.jpg\" alt=\"\" width=\"150\" height=\"150\"><\/a> <a href=\"https:\/\/www.clissa-bus.hr\/wp-content\/uploads\/2017\/12\/IMG_4641.jpg\" rel=\"lightbox[176]\"><img loading=\"lazy\" decoding=\"async\" class=\"size-thumbnail wp-image-1433 alignleft\" src=\"https:\/\/www.clissa-bus.hr\/wp-content\/uploads\/2017\/12\/IMG_4641-150x150.jpg\" alt=\"\" width=\"150\" height=\"150\"><\/a> <a href=\"https:\/\/www.clissa-bus.hr\/wp-content\/uploads\/2017\/12\/IMG_4654.jpg\" rel=\"lightbox[176]\"><img loading=\"lazy\" decoding=\"async\" class=\"size-thumbnail wp-image-1424 alignleft\" src=\"https:\/\/www.clissa-bus.hr\/wp-content\/uploads\/2017\/12\/IMG_4654-150x150.jpg\" alt=\"\" width=\"150\" height=\"150\"><\/a> <a href=\"https:\/\/www.clissa-bus.hr\/wp-content\/uploads\/2017\/12\/IMG_4655.jpg\" rel=\"lightbox[176]\"><img loading=\"lazy\" decoding=\"async\" class=\"size-thumbnail wp-image-1425 alignleft\" src=\"https:\/\/www.clissa-bus.hr\/wp-content\/uploads\/2017\/12\/IMG_4655-150x150.jpg\" alt=\"\" width=\"150\" height=\"150\"><\/a> <a href=\"https:\/\/www.clissa-bus.hr\/wp-content\/uploads\/2017\/12\/IMG_4652.jpg\" rel=\"lightbox[176]\"><img loading=\"lazy\" decoding=\"async\" class=\"size-thumbnail wp-image-1426 alignleft\" src=\"https:\/\/www.clissa-bus.hr\/wp-content\/uploads\/2017\/12\/IMG_4652-150x150.jpg\" alt=\"\" width=\"150\" height=\"150\"><\/a> <a href=\"https:\/\/www.clissa-bus.hr\/wp-content\/uploads\/2017\/12\/IMG_4653.jpg\" rel=\"lightbox[176]\"><img loading=\"lazy\" decoding=\"async\" class=\"size-thumbnail wp-image-1427 alignleft\" src=\"https:\/\/www.clissa-bus.hr\/wp-content\/uploads\/2017\/12\/IMG_4653-150x150.jpg\" alt=\"\" width=\"150\" height=\"150\"><\/a> <a href=\"https:\/\/www.clissa-bus.hr\/wp-content\/uploads\/2017\/12\/IMG_4649.jpg\" rel=\"lightbox[176]\"><img loading=\"lazy\" decoding=\"async\" class=\"size-thumbnail wp-image-1428 alignleft\" src=\"https:\/\/www.clissa-bus.hr\/wp-content\/uploads\/2017\/12\/IMG_4649-150x150.jpg\" alt=\"\" width=\"150\" height=\"150\"><\/a> <a href=\"https:\/\/www.clissa-bus.hr\/wp-content\/uploads\/2017\/12\/IMG_4651.jpg\" rel=\"lightbox[176]\"><img loading=\"lazy\" decoding=\"async\" class=\"size-thumbnail wp-image-1429 alignleft\" src=\"https:\/\/www.clissa-bus.hr\/wp-content\/uploads\/2017\/12\/IMG_4651-150x150.jpg\" alt=\"\" width=\"150\" height=\"150\"><\/a> <a href=\"https:\/\/www.clissa-bus.hr\/wp-content\/uploads\/2017\/12\/IMG_4644.jpg\" rel=\"lightbox[176]\"><img loading=\"lazy\" decoding=\"async\" class=\"size-thumbnail wp-image-1430 alignleft\" src=\"https:\/\/www.clissa-bus.hr\/wp-content\/uploads\/2017\/12\/IMG_4644-150x150.jpg\" alt=\"\" width=\"150\" height=\"150\"><\/a> <a href=\"https:\/\/www.clissa-bus.hr\/wp-content\/uploads\/2017\/12\/IMG_4642.jpg\" rel=\"lightbox[176]\"><img loading=\"lazy\" decoding=\"async\" class=\"size-thumbnail wp-image-1431 alignleft\" src=\"https:\/\/www.clissa-bus.hr\/wp-content\/uploads\/2017\/12\/IMG_4642-150x150.jpg\" alt=\"\" width=\"150\" height=\"150\"><\/a> <a href=\"https:\/\/www.clissa-bus.hr\/wp-content\/uploads\/2017\/12\/IMG_4643.jpg\" rel=\"lightbox[176]\"><img loading=\"lazy\" decoding=\"async\" class=\"size-thumbnail wp-image-1432 alignleft\" src=\"https:\/\/www.clissa-bus.hr\/wp-content\/uploads\/2017\/12\/IMG_4643-150x150.jpg\" alt=\"\" width=\"150\" height=\"150\"><\/a><\/p>\n<div style=\"clear: both;\">&nbsp;<\/div>\n<p>&nbsp;<\/p>\n<h3>Video<\/h3>\n<p><div class='content-column one_half'><div style=\"padding-right:20px;padding-left:20px;\"><iframe loading=\"lazy\" src=\"https:\/\/player.vimeo.com\/video\/249172543?byline=0&amp;portrait=0\" width=\"640\" height=\"480\" frameborder=\"0\" allowfullscreen=\"allowfullscreen\"><\/iframe><\/div><\/div><div class='content-column one_half last_column'><div style=\"padding-right:20px;padding-left:20px;\"><iframe loading=\"lazy\" src=\"https:\/\/player.vimeo.com\/video\/249173013?byline=0&amp;portrait=0\" width=\"640\" height=\"480\" frameborder=\"0\" allowfullscreen=\"allowfullscreen\"><\/iframe><br><\/div><\/div><div class='clear_column'><\/div><\/p>\n<p><div class='content-column one_half'><div style=\"padding-right:20px;padding-left:20px;\"><iframe loading=\"lazy\" src=\"https:\/\/player.vimeo.com\/video\/233185023?byline=0&amp;portrait=0\" width=\"640\" height=\"352\" frameborder=\"0\" allowfullscreen=\"allowfullscreen\"><\/iframe><\/div><\/div><div class='content-column one_half last_column'><div style=\"padding-right:20px;padding-left:20px;\"><iframe loading=\"lazy\" src=\"https:\/\/player.vimeo.com\/video\/233185037?byline=0&amp;portrait=0\" width=\"640\" height=\"352\" frameborder=\"0\" allowfullscreen=\"allowfullscreen\"><\/iframe><\/div><\/div><div class='clear_column'><\/div><\/p>\n<h3>28 godina<\/h3>\n<p><a href=\"https:\/\/www.clissa-bus.hr\/wp-content\/uploads\/2018\/11\/IMG_2676.jpg\" rel=\"lightbox[176]\"><img loading=\"lazy\" decoding=\"async\" class=\"size-thumbnail wp-image-2073 alignleft\" src=\"https:\/\/www.clissa-bus.hr\/wp-content\/uploads\/2018\/11\/IMG_2676-150x150.jpg\" alt=\"\" width=\"150\" height=\"150\"><\/a><a href=\"https:\/\/www.clissa-bus.hr\/wp-content\/uploads\/2018\/11\/IMG_2671.jpg\" rel=\"lightbox[176]\"><img loading=\"lazy\" decoding=\"async\" class=\"size-thumbnail wp-image-2074 alignleft\" src=\"https:\/\/www.clissa-bus.hr\/wp-content\/uploads\/2018\/11\/IMG_2671-150x150.jpg\" alt=\"\" width=\"150\" height=\"150\"><\/a><a href=\"https:\/\/www.clissa-bus.hr\/wp-content\/uploads\/2018\/11\/IMG_2670.jpg\" rel=\"lightbox[176]\"><img loading=\"lazy\" decoding=\"async\" class=\"alignnone size-thumbnail wp-image-2075\" src=\"https:\/\/www.clissa-bus.hr\/wp-content\/uploads\/2018\/11\/IMG_2670-150x150.jpg\" alt=\"\" width=\"150\" height=\"150\"><\/a><a href=\"https:\/\/www.clissa-bus.hr\/wp-content\/uploads\/2018\/11\/IMG_2668-1.jpg\" rel=\"lightbox[176]\"><img loading=\"lazy\" decoding=\"async\" class=\"size-thumbnail wp-image-2076 alignleft\" src=\"https:\/\/www.clissa-bus.hr\/wp-content\/uploads\/2018\/11\/IMG_2668-1-150x150.jpg\" alt=\"\" width=\"150\" height=\"150\"><\/a><\/p>","protected":false},"excerpt":{"rendered":"<p>ST 1991-KL &nbsp; &nbsp; Mjesto Kosa u Dolini Neretve, vozi Lucija \u0160ipi\u0107, snima Ana Kuzmani\u0107. &nbsp; SUBOTA, 27.10.2018.: HITAMO S 11 AUTOBUSA NA CRUISER&#8230; &nbsp; (kliknite na sliku za pregled u punoj veli\u010dini) &nbsp; Zanimljivo<a class=\"moretag\" href=\"https:\/\/www.clissa-bus.hr\/?page_id=176\"> Read more&hellip;<\/a><\/p>\n","protected":false},"author":1,"featured_media":0,"parent":0,"menu_order":0,"comment_status":"closed","ping_status":"closed","template":"","meta":{"ngg_post_thumbnail":0,"footnotes":""},"class_list":["post-176","page","type-page","status-publish","hentry"],"_links":{"self":[{"href":"https:\/\/www.clissa-bus.hr\/index.php?rest_route=\/wp\/v2\/pages\/176","targetHints":{"allow":["GET"]}}],"collection":[{"href":"https:\/\/www.clissa-bus.hr\/index.php?rest_route=\/wp\/v2\/pages"}],"about":[{"href":"https:\/\/www.clissa-bus.hr\/index.php?rest_route=\/wp\/v2\/types\/page"}],"author":[{"embeddable":true,"href":"https:\/\/www.clissa-bus.hr\/index.php?rest_route=\/wp\/v2\/users\/1"}],"replies":[{"embeddable":true,"href":"https:\/\/www.clissa-bus.hr\/index.php?rest_route=%2Fwp%2Fv2%2Fcomments&post=176"}],"version-history":[{"count":34,"href":"https:\/\/www.clissa-bus.hr\/index.php?rest_route=\/wp\/v2\/pages\/176\/revisions"}],"predecessor-version":[{"id":2776,"href":"https:\/\/www.clissa-bus.hr\/index.php?rest_route=\/wp\/v2\/pages\/176\/revisions\/2776"}],"wp:attachment":[{"href":"https:\/\/www.clissa-bus.hr\/index.php?rest_route=%2Fwp%2Fv2%2Fmedia&parent=176"}],"curies":[{"name":"wp","href":"https:\/\/api.w.org\/{rel}","templated":true}]}}